{"id":64,"date":"2018-05-24T15:31:11","date_gmt":"2018-05-24T15:31:11","guid":{"rendered":"https:\/\/verto.com.pt\/?page_id=64"},"modified":"2023-11-08T13:26:12","modified_gmt":"2023-11-08T13:26:12","slug":"empresa","status":"publish","type":"page","link":"https:\/\/verto.com.pt\/index.php\/empresa\/","title":{"rendered":"Sistemas de gest\u00e3o"},"content":{"rendered":"<div>\n<div class=\"services_contents\" style=\"text-align: left;\">\n<h1><strong>Pol\u00edtica de Qualidade, Ambiente e Seguran\u00e7a<\/strong><\/h1>\n<p>A\u00a0<strong>VERTO<\/strong> manifesta, atrav\u00e9s desta Pol\u00edtica, a todas as partes interessadas, a sua convic\u00e7\u00e3o de que:<\/p>\n<ul>\n<li>A Qualidade \u00e9 um fator chave no futuro da Empresa e deve ser assumida com responsabilidade pela Administra\u00e7\u00e3o e por todos os colaboradores.<\/li>\n<li>A Qualidade, o Ambiente e a Seguran\u00e7a ser\u00e3o sempre objeto de melhoria cont\u00ednua. Aproveitar-se-\u00e3o as falhas para melhorar e colocar-se-\u00e1 todo o empenho em localizar as causas que as produzam, para que n\u00e3o se voltem a repetir.<\/li>\n<\/ul>\n<\/div>\n<p style=\"text-align: left;\">Desta forma, a Verto assume como principais objetivos:<\/p>\n<ul style=\"text-align: left;\">\n<li>A satisfa\u00e7\u00e3o total dos seus clientes, prestando os servi\u00e7os solicitados segundo as suas especifica\u00e7\u00f5es e requisitos, utilizando como principal ve\u00edculo o investimento em tecnologias de ponta. Assim, a Verto procura aumentar o leque de produtos oferecidos e colmatar necessidades latentes;<\/li>\n<li>Manter a certifica\u00e7\u00e3o do nosso Sistema de Gest\u00e3o da Qualidade, Ambiente e Seguran\u00e7a, incluindo a certifica\u00e7\u00e3o do Sistema de Gest\u00e3o da Qualidade para o ramo autom\u00f3vel, para que se continue a promover o prest\u00edgio desta organiza\u00e7\u00e3o e aumente a fidelidade dos nossos clientes e interesse de todas as partes interessadas.<\/li>\n<\/ul>\n<h1 style=\"text-align: left;\"><strong>Aspet<\/strong><strong>os Ambientais<\/strong><\/h1>\n<h1 style=\"text-align: left;\"><strong><img loading=\"lazy\" decoding=\"async\" class=\"wp-image-65 aligncenter\" src=\"https:\/\/verto.com.pt\/wp-content\/uploads\/2018\/05\/aspetos_ambientais-300x165.png\" alt=\"\" width=\"716\" height=\"394\" srcset=\"https:\/\/verto.com.pt\/wp-content\/uploads\/2018\/05\/aspetos_ambientais-300x165.png 300w, https:\/\/verto.com.pt\/wp-content\/uploads\/2018\/05\/aspetos_ambientais-768x423.png 768w, https:\/\/verto.com.pt\/wp-content\/uploads\/2018\/05\/aspetos_ambientais.png 782w\" sizes=\"(max-width: 716px) 100vw, 716px\" \/><\/strong><\/h1>\n<h1 style=\"text-align: left;\"><\/h1>\n<h1 style=\"text-align: left;\">Certifica\u00e7\u00f5es<\/h1>\n<h1 style=\"text-align: left;\"><a href=\"http:\/\/verto.com.pt\/signatures\/certificates\/certificado_9001.pdf\"><img loading=\"lazy\" decoding=\"async\" class=\"alignnone wp-image-653 size-medium\" src=\"https:\/\/verto.com.pt\/wp-content\/uploads\/2023\/11\/iso9001-300x140.png\" alt=\"\" width=\"300\" height=\"140\" srcset=\"https:\/\/verto.com.pt\/wp-content\/uploads\/2023\/11\/iso9001-300x140.png 300w, https:\/\/verto.com.pt\/wp-content\/uploads\/2023\/11\/iso9001.png 414w\" sizes=\"(max-width: 300px) 100vw, 300px\" \/><\/a><strong><a href=\"http:\/\/verto.com.pt\/signatures\/certificates\/certificado_14001.pdf\"><img loading=\"lazy\" decoding=\"async\" class=\"alignnone wp-image-654 size-medium\" title=\"EGHRH\" src=\"https:\/\/verto.com.pt\/wp-content\/uploads\/2023\/11\/iso14001-300x140.png\" alt=\"\" width=\"300\" height=\"140\" srcset=\"https:\/\/verto.com.pt\/wp-content\/uploads\/2023\/11\/iso14001-300x140.png 300w, https:\/\/verto.com.pt\/wp-content\/uploads\/2023\/11\/iso14001.png 414w\" sizes=\"(max-width: 300px) 100vw, 300px\" \/><\/a><a href=\"http:\/\/verto.com.pt\/signatures\/certificates\/certificado_TS16949.pdf\"><img loading=\"lazy\" decoding=\"async\" class=\"alignnone wp-image-652 size-medium\" src=\"https:\/\/verto.com.pt\/wp-content\/uploads\/2023\/11\/iatf16949-300x140.png\" alt=\"\" width=\"300\" height=\"140\" srcset=\"https:\/\/verto.com.pt\/wp-content\/uploads\/2023\/11\/iatf16949-300x140.png 300w, https:\/\/verto.com.pt\/wp-content\/uploads\/2023\/11\/iatf16949.png 414w\" sizes=\"(max-width: 300px) 100vw, 300px\" \/><\/a><br \/>\n<\/strong><\/h1>\n<\/div>\n","protected":false},"excerpt":{"rendered":"<p>Pol\u00edtica de Qualidade, Ambiente e Seguran\u00e7a A\u00a0VERTO manifesta, atrav\u00e9s desta Pol\u00edtica, a todas as partes interessadas, a sua convic\u00e7\u00e3o de que: A Qualidade \u00e9 um fator chave no futuro da<a href=\"https:\/\/verto.com.pt\/index.php\/empresa\/\" class=\"more-link\"><span class=\"more-button\">Continue reading<span class=\"screen-reader-text\">Sistemas de gest\u00e3o<\/span><\/span><\/a><\/p>\n","protected":false},"author":1,"featured_media":0,"parent":0,"menu_order":0,"comment_status":"closed","ping_status":"closed","template":"","meta":{"footnotes":""},"_links":{"self":[{"href":"https:\/\/verto.com.pt\/index.php\/wp-json\/wp\/v2\/pages\/64"}],"collection":[{"href":"https:\/\/verto.com.pt\/index.php\/wp-json\/wp\/v2\/pages"}],"about":[{"href":"https:\/\/verto.com.pt\/index.php\/wp-json\/wp\/v2\/types\/page"}],"author":[{"embeddable":true,"href":"https:\/\/verto.com.pt\/index.php\/wp-json\/wp\/v2\/users\/1"}],"replies":[{"embeddable":true,"href":"https:\/\/verto.com.pt\/index.php\/wp-json\/wp\/v2\/comments?post=64"}],"version-history":[{"count":24,"href":"https:\/\/verto.com.pt\/index.php\/wp-json\/wp\/v2\/pages\/64\/revisions"}],"predecessor-version":[{"id":657,"href":"https:\/\/verto.com.pt\/index.php\/wp-json\/wp\/v2\/pages\/64\/revisions\/657"}],"wp:attachment":[{"href":"https:\/\/verto.com.pt\/index.php\/wp-json\/wp\/v2\/media?parent=64"}],"curies":[{"name":"wp","href":"https:\/\/api.w.org\/{rel}","templated":true}]}}